{"id":44,"date":"2017-04-10T21:08:07","date_gmt":"2017-04-10T18:08:07","guid":{"rendered":"https:\/\/www.quickservice.ee\/?page_id=44\/"},"modified":"2017-04-10T21:09:46","modified_gmt":"2017-04-10T18:09:46","slug":"contact","status":"publish","type":"page","link":"https:\/\/www.quickservice.ee\/en\/contact\/","title":{"rendered":"Contact"},"content":{"rendered":"[vc_row el_class=&#8221;head_pilt&#8221;][vc_column width=&#8221;2\/3&#8243; css=&#8221;.vc_custom_1491835487431{padding-top: 150px !important;padding-bottom: 150px !important;}&#8221;][vc_custom_heading text=&#8221;CAR TRANSPORT THROUGH EUROPE&#8221; font_container=&#8221;tag:h1|font_size:26px|text_align:left|color:%23ffffff|line_height:35px&#8221; google_fonts=&#8221;font_family:Montserrat%3Aregular%2C700|font_style:400%20regular%3A400%3Anormal&#8221; el_class=&#8221;textt&#8221;][vc_custom_heading text=&#8221;We provide car transportation through Europe. We are flexible and always in time!&#8221; font_container=&#8221;tag:h2|font_size:19px|text_align:left|color:%23ffffff|line_height:24px&#8221; google_fonts=&#8221;font_family:Montserrat%3Aregular%2C700|font_style:400%20regular%3A400%3Anormal&#8221; el_class=&#8221;textt&#8221;][vc_row_inner el_class=&#8221;sisutekst&#8221;][vc_column_inner width=&#8221;1\/2&#8243;][vc_column_text]<strong>Contact<\/strong><br \/>\nCompany: Quick Service O\u00dc<br \/>\nAddress:\u00dclej\u00f5e 7-5 Rapla 79513<br \/>\nPhone: +372 4855 987<br \/>\nFax:+372 4855 987<br \/>\nE-mail:\u00a0<a href=\"mailto:info@quickservice.ee\">info@quickservice.ee<\/a>[\/vc_column_text][\/vc_column_inner][vc_column_inner width=&#8221;1\/2&#8243;][vc_column_text]<strong>LOGISTIKA\u00a0\u00a0 \u00a0\u00a0\u00a0 \u00a0\u00a0 \u00a0<\/strong><br \/>\nAivo T\u00e4psi<br \/>\nGsm: +372\u00a0555 65\u00a0444<br \/>\nE-mail:\u00a0<a href=\"mailto:aivo@quickservice.ee\">aivo@quickservice.ee<\/a>[\/vc_column_text][\/vc_column_inner][\/vc_row_inner][\/vc_column][vc_column width=&#8221;1\/3&#8243; el_class=&#8221;vorm&#8221;]<div class=\"box-title-wrap mx-auto flex items-center justify-between mb-6 el-1  \" ><style type=\"text\/css\" scoped=\"scoped\">.box-title-wrap.el-1 .box-title-content {font-size: 20px;color: #69b3ea;background-color:#ffffff;font-weight:normal;}.box-title-wrap.el-1 .box-title-content a {color: #69b3ea;}.box-title-wrap.el-1 .box-title-left-border, .box-title-wrap.el-1 .box-title-right-border {background-color:#ebebeb;}<\/style><div class=\"box-title-left-border  flex-1 h-px bg-gray-400\"><\/div><div class=\"box-title-content flex-none max-w-full px-4  leading-tight uppercase\">ASK A QUOTE<\/div><div class=\"box-title-right-border   flex-1 h-px bg-gray-400\"><\/div><\/div><div class=\"creativo_cf7 cf_scope_1 full_width none\">\n<div class=\"wpcf7 no-js\" id=\"wpcf7-f42-o1\" lang=\"et\" dir=\"ltr\">\n<div class=\"screen-reader-response\"><p role=\"status\" aria-live=\"polite\" aria-atomic=\"true\"><\/p> <ul><\/ul><\/div>\n<form action=\"\/en\/wp-json\/wp\/v2\/pages\/44#wpcf7-f42-o1\" method=\"post\" class=\"wpcf7-form init\" aria-label=\"Contact form\" novalidate=\"novalidate\" data-status=\"init\">\n<div style=\"display: none;\">\n<input type=\"hidden\" name=\"_wpcf7\" value=\"42\" \/>\n<input type=\"hidden\" name=\"_wpcf7_version\" value=\"5.7.7\" \/>\n<input type=\"hidden\" name=\"_wpcf7_locale\" value=\"et\" \/>\n<input type=\"hidden\" name=\"_wpcf7_unit_tag\" value=\"wpcf7-f42-o1\" \/>\n<input type=\"hidden\" name=\"_wpcf7_container_post\" value=\"0\" \/>\n<input type=\"hidden\" name=\"_wpcf7_posted_data_hash\" value=\"\" \/>\n<input type=\"hidden\" name=\"_wpcf7_recaptcha_response\" value=\"\" \/>\n<\/div>\n<p><b>Your details<\/b>\n<\/p>\n<table>\n\t<tr>\n\t\t<td>\n\t\t\t<p><span class=\"wpcf7-form-control-wrap\" data-name=\"text-644\"><input size=\"40\" class=\"wpcf7-form-control wpcf7-text wpcf7-validates-as-required kast1\" aria-required=\"true\" aria-invalid=\"false\" placeholder=\"Name\" value=\"\" type=\"text\" name=\"text-644\" \/><\/span>\n\t\t\t<\/p>\n\t\t<\/td>\n\t\t<td>\n\t\t\t<p><span class=\"wpcf7-form-control-wrap\" data-name=\"your-email\"><input size=\"40\" class=\"wpcf7-form-control wpcf7-text wpcf7-email wpcf7-validates-as-required wpcf7-validates-as-email kast1\" aria-required=\"true\" aria-invalid=\"false\" placeholder=\"E-mail\" value=\"\" type=\"email\" name=\"your-email\" \/><\/span>\n\t\t\t<\/p>\n\t\t<\/td>\n\t<\/tr>\n<\/table>\n<p><span class=\"wpcf7-form-control-wrap\" data-name=\"text-646\"><input size=\"40\" class=\"wpcf7-form-control wpcf7-text wpcf7-validates-as-required kast1\" aria-required=\"true\" aria-invalid=\"false\" placeholder=\"Phone\" value=\"\" type=\"text\" name=\"text-646\" \/><\/span>\n<\/p>\n<p><b>Car details<\/b>\n<\/p>\n<table>\n\t<tr>\n\t\t<td>\n\t\t\t<p><span class=\"wpcf7-form-control-wrap\" data-name=\"text-647\"><input size=\"40\" class=\"wpcf7-form-control wpcf7-text wpcf7-validates-as-required kast1\" aria-required=\"true\" aria-invalid=\"false\" placeholder=\"Car mark\/model\" value=\"\" type=\"text\" name=\"text-647\" \/><\/span>\n\t\t\t<\/p>\n\t\t<\/td>\n\t\t<td>\n\t\t\t<p><span class=\"wpcf7-form-control-wrap\" data-name=\"text-648\"><input size=\"40\" class=\"wpcf7-form-control wpcf7-text wpcf7-validates-as-required kast1\" aria-required=\"true\" aria-invalid=\"false\" placeholder=\"Quantity\" value=\"\" type=\"text\" name=\"text-648\" \/><\/span>\n\t\t\t<\/p>\n\t\t<\/td>\n\t<\/tr>\n<\/table>\n<p><b>Departure<\/b><br \/>\n<span class=\"wpcf7-form-control-wrap\" data-name=\"menu-598\"><select class=\"wpcf7-form-control wpcf7-select wpcf7-validates-as-required riik\" aria-required=\"true\" aria-invalid=\"false\" name=\"menu-598\"><option value=\"--Choose--\">--Choose--<\/option><option value=\"Estonia\">Estonia<\/option><option value=\"Latvia\">Latvia<\/option><option value=\"Lithuania\">Lithuania<\/option><option value=\"Poland\">Poland<\/option><option value=\"Germany\">Germany<\/option><option value=\"Austria\">Austria<\/option><option value=\"Italy\">Italy<\/option><option value=\"France\">France<\/option><option value=\"Slovania\">Slovania<\/option><option value=\"Slovakia\">Slovakia<\/option><option value=\"Czech\">Czech<\/option><option value=\"Belgium\">Belgium<\/option><option value=\"Netherlands\">Netherlands<\/option><option value=\"Denmark\">Denmark<\/option><option value=\"Sweden\">Sweden<\/option><option value=\"Norway\">Norway<\/option><option value=\"Finland\">Finland<\/option><\/select><\/span><br \/>\n<span class=\"wpcf7-form-control-wrap\" data-name=\"text-649\"><input size=\"40\" class=\"wpcf7-form-control wpcf7-text wpcf7-validates-as-required kast1\" aria-required=\"true\" aria-invalid=\"false\" placeholder=\"Linn, postikood, t\u00e4nav\/maja\" value=\"\" type=\"text\" name=\"text-649\" \/><\/span><br \/>\nDate<span class=\"wpcf7-form-control-wrap\" data-name=\"date-552\"><input class=\"wpcf7-form-control wpcf7-date wpcf7-validates-as-required wpcf7-validates-as-date kuupaev\" aria-required=\"true\" aria-invalid=\"false\" value=\"\" type=\"date\" name=\"date-552\" \/><\/span>\n<\/p>\n<p><b>Destination<\/b><br \/>\n<span class=\"wpcf7-form-control-wrap\" data-name=\"menu-599\"><select class=\"wpcf7-form-control wpcf7-select wpcf7-validates-as-required riik\" aria-required=\"true\" aria-invalid=\"false\" name=\"menu-599\"><option value=\"--Choose--\">--Choose--<\/option><option value=\"Estonia\">Estonia<\/option><option value=\"Latvia\">Latvia<\/option><option value=\"Lithuania\">Lithuania<\/option><option value=\"Poland\">Poland<\/option><option value=\"Germany\">Germany<\/option><option value=\"Austria\">Austria<\/option><option value=\"Italy\">Italy<\/option><option value=\"France\">France<\/option><option value=\"Slovania\">Slovania<\/option><option value=\"Slovakia\">Slovakia<\/option><option value=\"Czech\">Czech<\/option><option value=\"Belgium\">Belgium<\/option><option value=\"Netherlands\">Netherlands<\/option><option value=\"Denmark\">Denmark<\/option><option value=\"Sweden\">Sweden<\/option><option value=\"Norway\">Norway<\/option><option value=\"Finland\">Finland<\/option><\/select><\/span><br \/>\nDate<span class=\"wpcf7-form-control-wrap\" data-name=\"date-553\"><input class=\"wpcf7-form-control wpcf7-date wpcf7-validates-as-required wpcf7-validates-as-date kuupaev\" aria-required=\"true\" aria-invalid=\"false\" value=\"\" type=\"date\" name=\"date-553\" \/><\/span>\n<\/p>\n<p><input class=\"wpcf7-form-control has-spinner wpcf7-submit saadaparing\" type=\"submit\" value=\"Send\" \/>\n<\/p><div class=\"wpcf7-response-output\" aria-hidden=\"true\"><\/div>\n<\/form>\n<\/div>\n<\/div>[\/vc_column][\/vc_row]\n","protected":false},"excerpt":{"rendered":"<p>[vc_row el_class=&#8221;head_pilt&#8221;][vc_column width=&#8221;2\/3&#8243; css=&#8221;.vc_custom_1491835487431{padding-top: 150px !important;padding-bottom: 150px !important;}&#8221;][vc_custom_heading text=&#8221;CAR TRANSPORT THROUGH EUROPE&#8221; font_container=&#8221;tag:h1|font_size:26px|text_align:left|color:%23ffffff|line_height:35px&#8221; google_fonts=&#8221;font_family:Montserrat%3Aregular%2C700|font_style:400%20regular%3A400%3Anormal&#8221; el_class=&#8221;textt&#8221;][vc_custom_heading text=&#8221;We provide car transportation through Europe. We are flexible and always in time!&#8221; font_container=&#8221;tag:h2|font_size:19px|text_align:left|color:%23ffffff|line_height:24px&#8221; google_fonts=&#8221;font_family:Montserrat%3Aregular%2C700|font_style:400%20regular%3A400%3Anormal&#8221; el_class=&#8221;textt&#8221;][vc_row_inner el_class=&#8221;sisutekst&#8221;][vc_column_inner width=&#8221;1\/2&#8243;][vc_column_text]Contact Company: Quick Service O\u00dc Address:\u00dclej\u00f5e 7-5 Rapla 79513 Phone: +372 4855 987 Fax:+372 4855 987 E-mail:\u00a0info@quickservice.ee[\/vc_column_text][\/vc_column_inner][vc_column_inner width=&#8221;1\/2&#8243;][vc_column_text]LOGISTIKA\u00a0\u00a0 \u00a0\u00a0\u00a0 \u00a0\u00a0 \u00a0 Aivo T\u00e4psi&#8230;<\/p>\n","protected":false},"author":1,"featured_media":0,"parent":0,"menu_order":0,"comment_status":"closed","ping_status":"closed","template":"page-full.php","meta":[],"_links":{"self":[{"href":"https:\/\/www.quickservice.ee\/en\/wp-json\/wp\/v2\/pages\/44"}],"collection":[{"href":"https:\/\/www.quickservice.ee\/en\/wp-json\/wp\/v2\/pages"}],"about":[{"href":"https:\/\/www.quickservice.ee\/en\/wp-json\/wp\/v2\/types\/page"}],"author":[{"embeddable":true,"href":"https:\/\/www.quickservice.ee\/en\/wp-json\/wp\/v2\/users\/1"}],"replies":[{"embeddable":true,"href":"https:\/\/www.quickservice.ee\/en\/wp-json\/wp\/v2\/comments?post=44"}],"version-history":[{"count":3,"href":"https:\/\/www.quickservice.ee\/en\/wp-json\/wp\/v2\/pages\/44\/revisions"}],"predecessor-version":[{"id":47,"href":"https:\/\/www.quickservice.ee\/en\/wp-json\/wp\/v2\/pages\/44\/revisions\/47"}],"wp:attachment":[{"href":"https:\/\/www.quickservice.ee\/en\/wp-json\/wp\/v2\/media?parent=44"}],"curies":[{"name":"wp","href":"https:\/\/api.w.org\/{rel}","templated":true}]}}